{"id":5017,"date":"2020-08-06T09:41:09","date_gmt":"2020-08-06T12:41:09","guid":{"rendered":"http:\/\/handsrh.com.br\/site\/?page_id=5017"},"modified":"2020-08-10T11:17:31","modified_gmt":"2020-08-10T14:17:31","slug":"encontre-sua-vaga","status":"publish","type":"page","link":"https:\/\/handsrh.com.br\/site\/encontre-sua-vaga\/","title":{"rendered":"Encontre sua vaga"},"content":{"rendered":"<div  class=\"tatsu-GEZ0h6ahL tatsu-section  tatsu-section-custom-height tatsu-bg-overlay   tatsu-clearfix\" data-title=\"\"  data-headerscheme=\"background--dark\"><div class = \"tatsu-custom-height-wrap\"><div class='tatsu-section-pad clearfix' data-padding='{\"d\":\"120px 0px 120px 0px \"}' data-padding-top='120px'><div class=\"tatsu-row-wrap  tatsu-wrap tatsu-row-one-col tatsu-row-has-one-cols tatsu-medium-gutter tatsu-reg-cols  tatsu-clearfix tatsu-gA6-jYP1_a\" ><div  class=\"tatsu-row \" ><div  class=\"tatsu-column  tatsu-column-no-bg tatsu-one-col tatsu-column-image-none tatsu-column-effect-none  tatsu-sAdecAZci0\"  data-parallax-speed=\"0\" style=\"\"><div class=\"tatsu-column-inner \" ><div class=\"tatsu-column-pad-wrap\"><div class=\"tatsu-column-pad\" ><div  class=\"tatsu-module tatsu-inline-text clearfix tatsu-MIJmR1HR8o   \" ><style>.tatsu-MIJmR1HR8o .tatsu-inline-text-inner{width: 100%;text-align: left;}<\/style><div class=\"tatsu-inline-text-inner tatsu-align-center\">\n<h1 style=\"text-align: center;\"><span style=\"color: #ffffff;\">Encontre sua vaga<\/span><\/h1>\n<\/div><\/div><div class=\"tatsu-row-wrap  tatsu-row-has-one-half tatsu-row-has-two-cols tatsu-medium-gutter tatsu-reg-cols tatsu-inner-row-wrap  tatsu-clearfix tatsu-2ceR4tT6cc\" ><div  class=\"tatsu-row \" ><div  class=\"tatsu-column  tatsu-bg-overlay tatsu-one-half tatsu-column-image- tatsu-column-effect-  tatsu-EOtV3wKvQ\"  data-parallax-speed=\"0\" style=\"\"><div class=\"tatsu-column-inner \" ><div class=\"tatsu-column-pad-wrap\"><div class=\"tatsu-column-pad\" ><div  class=\"tatsu-module tatsu-normal-button tatsu-button-wrap align-block block-right  tatsu-Cla38KmUh   \"><a class=\"tatsu-shortcode mediumbtn tatsu-button left-icon circular   bg-animation-none  \" href=\"https:\/\/handsrh.compleo.com.br\/\" style= \"\"  aria-label=\"Vagas Abertas\" data-gdpr-atts={} >Vagas Abertas<\/a><style>.tatsu-Cla38KmUh .tatsu-button{color: rgba(255,255,255,1) ;border-width: 1px;border-color: rgba(255,255,255,1); }<\/style><\/div><\/div><\/div><div class = \"tatsu-column-bg-image-wrap\"><div class = \"tatsu-column-bg-image tatsu-bg-lazyload\" data-src = \"\"><\/div><\/div><div class=\"tatsu-overlay tatsu-column-overlay tatsu-animate-none\" ><\/div><\/div><style>.tatsu-row > .tatsu-EOtV3wKvQ.tatsu-column{width: 48%;}.tatsu-EOtV3wKvQ.tatsu-column > .tatsu-column-inner > .tatsu-column-overlay{mix-blend-mode: normal;}.tatsu-EOtV3wKvQ > .tatsu-column-inner > .tatsu-top-divider{z-index: 9999;}.tatsu-EOtV3wKvQ > .tatsu-column-inner > .tatsu-bottom-divider{z-index: 9999;}.tatsu-EOtV3wKvQ > .tatsu-column-inner > .tatsu-left-divider{z-index: 9999;}.tatsu-EOtV3wKvQ > .tatsu-column-inner > .tatsu-right-divider{z-index: 9999;}@media only screen and (max-width:1377px) {.tatsu-row > .tatsu-EOtV3wKvQ.tatsu-column{width: 50%;}}@media only screen and (min-width:768px) and (max-width: 1024px) {.tatsu-row > .tatsu-EOtV3wKvQ.tatsu-column{width: 50%;}}@media only screen and (max-width: 767px) {.tatsu-row > .tatsu-EOtV3wKvQ.tatsu-column{width: 100%;}}<\/style><\/div><div  class=\"tatsu-column  tatsu-bg-overlay tatsu-one-half tatsu-column-image- tatsu-column-effect-  tatsu-CQyvaxkr3r\"  data-parallax-speed=\"0\" style=\"\"><div class=\"tatsu-column-inner \" ><div class=\"tatsu-column-pad-wrap\"><div class=\"tatsu-column-pad\" ><div  class=\"tatsu-module tatsu-normal-button tatsu-button-wrap   tatsu-nypsSVoOu   \"><a class=\"tatsu-shortcode mediumbtn tatsu-button left-icon circular   bg-animation-none  \" href=\"https:\/\/handsrh.compleo.com.br\/Curriculo\" style= \"\"  aria-label=\"Envie seu curr\u00edculo\" data-gdpr-atts={} >Envie seu curr\u00edculo<\/a><style>.tatsu-nypsSVoOu .tatsu-button{color: rgba(255,255,255,1) ;border-width: 1px;border-color: rgba(255,255,255,1); }<\/style><\/div><\/div><\/div><div class = \"tatsu-column-bg-image-wrap\"><div class = \"tatsu-column-bg-image tatsu-bg-lazyload\" data-src = \"\"><\/div><\/div><div class=\"tatsu-overlay tatsu-column-overlay tatsu-animate-none\" ><\/div><\/div><style>.tatsu-row > .tatsu-CQyvaxkr3r.tatsu-column{width: 45%;}.tatsu-CQyvaxkr3r.tatsu-column > .tatsu-column-inner > .tatsu-column-overlay{mix-blend-mode: normal;}.tatsu-CQyvaxkr3r > .tatsu-column-inner > .tatsu-top-divider{z-index: 9999;}.tatsu-CQyvaxkr3r > .tatsu-column-inner > .tatsu-bottom-divider{z-index: 9999;}.tatsu-CQyvaxkr3r > .tatsu-column-inner > .tatsu-left-divider{z-index: 9999;}.tatsu-CQyvaxkr3r > .tatsu-column-inner > .tatsu-right-divider{z-index: 9999;}@media only screen and (max-width:1377px) {.tatsu-row > .tatsu-CQyvaxkr3r.tatsu-column{width: 50%;}}@media only screen and (min-width:768px) and (max-width: 1024px) {.tatsu-row > .tatsu-CQyvaxkr3r.tatsu-column{width: 50%;}}@media only screen and (max-width: 767px) {.tatsu-row > .tatsu-CQyvaxkr3r.tatsu-column{width: 100%;}}<\/style><\/div><\/div><\/div><\/div><\/div><div class = \"tatsu-column-bg-image-wrap\"><div class = \"tatsu-column-bg-image tatsu-bg-lazyload\" data-src = \"\"><\/div><\/div><\/div><style>.tatsu-row > .tatsu-sAdecAZci0.tatsu-column{width: 100%;}.tatsu-sAdecAZci0.tatsu-column > .tatsu-column-inner > .tatsu-column-overlay{mix-blend-mode: none;}.tatsu-sAdecAZci0 > .tatsu-column-inner > .tatsu-top-divider{z-index: 9999;}.tatsu-sAdecAZci0 > .tatsu-column-inner > .tatsu-bottom-divider{z-index: 9999;}.tatsu-sAdecAZci0 > .tatsu-column-inner > .tatsu-left-divider{z-index: 9999;}.tatsu-sAdecAZci0 > .tatsu-column-inner > .tatsu-right-divider{z-index: 9999;}<\/style><\/div><\/div><\/div><\/div><div class=\"tatsu-section-background-wrap\"><div class = \"tatsu-bg-blur\" style = \"background-image : url(data:image\/jpeg;base64,\/9j\/4AAQSkZJRgABAQEAYABgAAD\/\/gA7Q1JFQVRPUjogZ2QtanBlZyB2MS4wICh1c2luZyBJSkcgSlBFRyB2NjIpLCBxdWFsaXR5ID0gODIK\/9sAQwAGBAQFBAQGBQUFBgYGBwkOCQkICAkSDQ0KDhUSFhYVEhQUFxohHBcYHxkUFB0nHR8iIyUlJRYcKSwoJCshJCUk\/9sAQwEGBgYJCAkRCQkRJBgUGCQkJCQkJCQkJCQkJCQkJCQkJCQkJCQkJCQkJCQkJCQkJCQkJCQkJCQkJCQkJCQkJCQk\/8AAEQgAIQAyAwEiAAIRAQMRAf\/EAB8AAAEFAQEBAQEBAAAAAAAAAAABAgMEBQYHCAkKC\/\/EALUQAAIBAwMCBAMFBQQEAAABfQECAwAEEQUSITFBBhNRYQcicRQygZGhCCNCscEVUtHwJDNicoIJChYXGBkaJSYnKCkqNDU2Nzg5OkNERUZHSElKU1RVVldYWVpjZGVmZ2hpanN0dXZ3eHl6g4SFhoeIiYqSk5SVlpeYmZqio6Slpqeoqaqys7S1tre4ubrCw8TFxsfIycrS09TV1tfY2drh4uPk5ebn6Onq8fLz9PX29\/j5+v\/EAB8BAAMBAQEBAQEBAQEAAAAAAAABAgMEBQYHCAkKC\/\/EALURAAIBAgQEAwQHBQQEAAECdwABAgMRBAUhMQYSQVEHYXETIjKBCBRCkaGxwQkjM1LwFWJy0QoWJDThJfEXGBkaJicoKSo1Njc4OTpDREVGR0hJSlNUVVZXWFlaY2RlZmdoaWpzdHV2d3h5eoKDhIWGh4iJipKTlJWWl5iZmqKjpKWmp6ipqrKztLW2t7i5usLDxMXGx8jJytLT1NXW19jZ2uLj5OXm5+jp6vLz9PX29\/j5+v\/aAAwDAQACEQMRAD8A4HSNHlv7qK2hUmSRtqgDJJ9K6LV\/CF54c1WfTL1AJ4DhsdDxnI9sGk8P206X1u9s7RTq6mN1OCrZ4INew2vhBvEumXGsX11JcXrMyx+cpLTBAOSc8d8AcDFexa2r2PCXvXS3PFrq3eysprlYjIY13bfWpfCUs2tW7yzW6x7W2gr0NegS+Ghby4nQiA\/ez1Knr9eKq6BpNlpdgbSPaHMpcsR16YGfbLVjWbUtHob0YXg21qdZ4Q+HltqsQFx8gMe8uVJ5J4A5FZX9i6B4d12f+37eV7QJJHtiTcd+CB1575HuBXe+HtRnigj094FaNEjdJE43nrjPfv8AlWbr\/hu68Vfa76ZViaJ1Tyx0BJx+nGa4Hfm1O9RXKrLU+e5rKLzX2ISu44LcHHvRXsZ+D92TnYv\/AH2P8aKv2iM\/YyOX8JRWfiXS9Y1ExafZPp0XnKm\/bvJPQZb0Dc884rvfDvj1\/wDhHIYprNftEMrpHhevQ7jnp94\/lXj1jqemySgnw5YkdsRS4\/8AQq7C38VhYUi\/sWEooGB9nkPA6dTXoOLaszz41VB3iXdd1p5I5blTuUMA2BwpOSB+h\/KsTw7cjWNftrSR9sTvlz6KOT9OBUPjDxdp9t4Zmiks7bT5JJI1iAjMZYDcT168\/wA65PwF4y0618Qxtc3CvvRgoUk5badvTrzisaiWx10pNx5j1bXPHV1o8ksNibGK2cAB4HMj+WenOeCPYDmsmPxlf348u0nRmEis299u8jkZz1NYWreIJLtFjfRiyKMbTFKQB1\/vetc6\/iW6s9622lC3+bcGSOVCDjqDnNPkS6HP7Vy3Z3reJdejYoNZgQKcbS3T26UV5PJ4k1J5GZoZ2Ykkk+Zkn86KVo9iry7np2jf6kfSuvtfur9P60UVrMwpnk37R3+r0X\/tp\/7LXkvhX\/kYrD\/rsv8AOiiuWXxHo0\/gPqaf7o+lc\/qv+seiiuqJ50jAPU0UUVoQf\/\/Z);\"\"><\/div><div class = \"tatsu-section-background tatsu-bg-lazyload\" data-src = \"http:\/\/handsrh.com.br\/site\/wp-content\/uploads\/2020\/08\/Depositphotos_138706400_xl-2015-scaled.jpg\"><\/div><\/div><div class=\"tatsu-overlay tatsu-section-overlay\"><\/div><\/div><style>.tatsu-GEZ0h6ahL.tatsu-section{background-color: #323232;}.tatsu-GEZ0h6ahL .tatsu-section-background{background-image: url(http:\/\/handsrh.com.br\/site\/wp-content\/uploads\/2020\/08\/Depositphotos_138706400_xl-2015-scaled.jpg);background-repeat: no-repeat;background-attachment: scroll;background-position: top left;background-size: cover;}.tatsu-GEZ0h6ahL .tatsu-bg-blur{background-repeat: no-repeat;background-attachment: scroll;background-position: top left;background-size: cover;}.tatsu-GEZ0h6ahL .tatsu-section-pad{padding: 120px 0px 120px 0px ;}.tatsu-GEZ0h6ahL > .tatsu-bottom-divider{z-index: 9999;}.tatsu-GEZ0h6ahL > .tatsu-top-divider{z-index: 9999;}.tatsu-GEZ0h6ahL .tatsu-section-overlay{background: rgba(42,81,137,1);mix-blend-mode: multiply;}.tatsu-GEZ0h6ahL .tatsu-custom-height-wrap{align-items: center;min-height: 70vh;}<\/style><\/div><div  class=\"tatsu-R0lI0DL12 tatsu-section    tatsu-clearfix\" data-title=\"\"  data-headerscheme=\"background--dark\"><div class='tatsu-section-pad clearfix' data-padding='{\"d\":\"90px 0px 90px 0px\"}' data-padding-top='90px'><div class=\"tatsu-row-wrap  tatsu-wrap tatsu-row-one-col tatsu-row-has-one-cols tatsu-medium-gutter tatsu-reg-cols  tatsu-clearfix tatsu-5VeLQKlx5E\" ><div  class=\"tatsu-row \" ><div  class=\"tatsu-column  tatsu-column-no-bg tatsu-one-col tatsu-column-image-none tatsu-column-effect-none  tatsu-0QUGgxyHVm\"  data-parallax-speed=\"0\" style=\"\"><div class=\"tatsu-column-inner \" ><div class=\"tatsu-column-pad-wrap\"><div class=\"tatsu-column-pad\" ><div  class=\"tatsu-module tatsu-inline-text clearfix tatsu-BXWEQzcOR3   \" ><style>.tatsu-BXWEQzcOR3 .tatsu-inline-text-inner{width: 70%;text-align: left;}<\/style><div class=\"tatsu-inline-text-inner tatsu-align-center\">\n<p style=\"text-align: left;\"><span style=\"font-size: 24px; line-height: 38px; color: #ffffff;\">Trabalhamos todos os n\u00edveis de vagas: est\u00e1gios, operacionais, administrativos, t\u00e9cnicos, lideran\u00e7as, altos n\u00edveis de gest\u00e3o, diretorias, etc. Conhe\u00e7a nossas vagas ou deixe seu curr\u00edculos conosco.<\/span><\/p>\n<\/div><\/div><div  class=\"tatsu-module tatsu-normal-button tatsu-button-wrap align-block block-center  tatsu-71ZuBVOV7h   \"><a class=\"tatsu-shortcode smallbtn tatsu-button left-icon circular   bg-animation-none  \" href=\"https:\/\/handsrh.compleo.com.br\/\" style= \"\"  aria-label=\"Veja agoa\" data-gdpr-atts={} >Veja agoa<\/a><style>.tatsu-71ZuBVOV7h .tatsu-button{color: #ffffff ;border-width: 1px;border-color: rgba(255,254,254,1); }<\/style><\/div><\/div><\/div><div class = \"tatsu-column-bg-image-wrap\"><div class = \"tatsu-column-bg-image tatsu-bg-lazyload\" data-src = \"\"><\/div><\/div><\/div><style>.tatsu-row > .tatsu-0QUGgxyHVm.tatsu-column{width: 100%;}.tatsu-0QUGgxyHVm.tatsu-column > .tatsu-column-inner > .tatsu-column-overlay{mix-blend-mode: none;}.tatsu-0QUGgxyHVm > .tatsu-column-inner > .tatsu-top-divider{z-index: 9999;}.tatsu-0QUGgxyHVm > .tatsu-column-inner > .tatsu-bottom-divider{z-index: 9999;}.tatsu-0QUGgxyHVm > .tatsu-column-inner > .tatsu-left-divider{z-index: 9999;}.tatsu-0QUGgxyHVm > .tatsu-column-inner > .tatsu-right-divider{z-index: 9999;}<\/style><\/div><\/div><\/div><\/div><div class=\"tatsu-section-background-wrap\"><div class = \"tatsu-section-background tatsu-bg-lazyload\" data-src = \"\"><\/div><\/div><style>.tatsu-R0lI0DL12.tatsu-section{background-color: rgba(78,91,108,1);}.tatsu-R0lI0DL12 .tatsu-section-pad{padding: 90px 0px 90px 0px;}.tatsu-R0lI0DL12 > .tatsu-bottom-divider{z-index: 9999;}.tatsu-R0lI0DL12 > .tatsu-top-divider{z-index: 9999;}<\/style><\/div>\n","protected":false},"excerpt":{"rendered":"<div><a href=\"https:\/\/handsrh.com.br\/site\/encontre-sua-vaga\/\" class=\"exp-read-more exp-read-more-underlined\">Read More<\/a><\/div>\n","protected":false},"author":1,"featured_media":0,"parent":0,"menu_order":0,"comment_status":"closed","ping_status":"closed","template":"","meta":[],"_links":{"self":[{"href":"https:\/\/handsrh.com.br\/site\/wp-json\/wp\/v2\/pages\/5017"}],"collection":[{"href":"https:\/\/handsrh.com.br\/site\/wp-json\/wp\/v2\/pages"}],"about":[{"href":"https:\/\/handsrh.com.br\/site\/wp-json\/wp\/v2\/types\/page"}],"author":[{"embeddable":true,"href":"https:\/\/handsrh.com.br\/site\/wp-json\/wp\/v2\/users\/1"}],"replies":[{"embeddable":true,"href":"https:\/\/handsrh.com.br\/site\/wp-json\/wp\/v2\/comments?post=5017"}],"version-history":[{"count":5,"href":"https:\/\/handsrh.com.br\/site\/wp-json\/wp\/v2\/pages\/5017\/revisions"}],"predecessor-version":[{"id":5050,"href":"https:\/\/handsrh.com.br\/site\/wp-json\/wp\/v2\/pages\/5017\/revisions\/5050"}],"wp:attachment":[{"href":"https:\/\/handsrh.com.br\/site\/wp-json\/wp\/v2\/media?parent=5017"}],"curies":[{"name":"wp","href":"https:\/\/api.w.org\/{rel}","templated":true}]}}