{"id":4997,"date":"2020-08-06T09:04:59","date_gmt":"2020-08-06T12:04:59","guid":{"rendered":"http:\/\/handsrh.com.br\/site\/?page_id=4997"},"modified":"2020-08-19T09:04:43","modified_gmt":"2020-08-19T12:04:43","slug":"aplicacao-de-testes-psicologicos-e-comportamentais","status":"publish","type":"page","link":"https:\/\/handsrh.com.br\/site\/aplicacao-de-testes-psicologicos-e-comportamentais\/","title":{"rendered":"Aplica\u00e7\u00e3o de Testes Psicol\u00f3gicos e Comportamentais"},"content":{"rendered":"<div  class=\"tatsu-E71dG53wd tatsu-section  tatsu-section-custom-height tatsu-bg-overlay   tatsu-clearfix\" data-title=\"\"  data-headerscheme=\"background--dark\"><div class = \"tatsu-custom-height-wrap\"><div class='tatsu-section-pad clearfix' data-padding='{\"d\":\"120px 0px 120px 0px \"}' data-padding-top='120px'><div class=\"tatsu-row-wrap  tatsu-wrap tatsu-row-one-col tatsu-row-has-one-cols tatsu-medium-gutter tatsu-reg-cols  tatsu-clearfix tatsu-xs-DaNmUrw\" ><div  class=\"tatsu-row \" ><div  class=\"tatsu-column  tatsu-column-no-bg tatsu-one-col tatsu-column-image-none tatsu-column-effect-none  tatsu-Ul5dT3564n\"  data-parallax-speed=\"0\" style=\"\"><div class=\"tatsu-column-inner \" ><div class=\"tatsu-column-pad-wrap\"><div class=\"tatsu-column-pad\" ><div  class=\"tatsu-module tatsu-inline-text clearfix tatsu-xZnGXgXYQO   \" ><style>.tatsu-xZnGXgXYQO .tatsu-inline-text-inner{width: 100%;text-align: left;}<\/style><div class=\"tatsu-inline-text-inner tatsu-align-center\">\n<h1 style=\"text-align: center;\"><span style=\"color: #ffffff;\">Aplica\u00e7\u00e3o de Testes Psicol\u00f3gicos e Comportamentais<\/span><\/h1>\n<\/div><\/div><\/div><\/div><div class = \"tatsu-column-bg-image-wrap\"><div class = \"tatsu-column-bg-image tatsu-bg-lazyload\" data-src = \"\"><\/div><\/div><\/div><style>.tatsu-row > .tatsu-Ul5dT3564n.tatsu-column{width: 100%;}.tatsu-Ul5dT3564n.tatsu-column > .tatsu-column-inner > .tatsu-column-overlay{mix-blend-mode: none;}.tatsu-Ul5dT3564n > .tatsu-column-inner > .tatsu-top-divider{z-index: 9999;}.tatsu-Ul5dT3564n > .tatsu-column-inner > .tatsu-bottom-divider{z-index: 9999;}.tatsu-Ul5dT3564n > .tatsu-column-inner > .tatsu-left-divider{z-index: 9999;}.tatsu-Ul5dT3564n > .tatsu-column-inner > .tatsu-right-divider{z-index: 9999;}<\/style><\/div><\/div><\/div><\/div><div class=\"tatsu-section-background-wrap\"><div class = \"tatsu-bg-blur\" style = \"background-image : url(data:image\/jpeg;base64,\/9j\/4AAQSkZJRgABAQEAYABgAAD\/\/gA7Q1JFQVRPUjogZ2QtanBlZyB2MS4wICh1c2luZyBJSkcgSlBFRyB2NjIpLCBxdWFsaXR5ID0gODIK\/9sAQwAGBAQFBAQGBQUFBgYGBwkOCQkICAkSDQ0KDhUSFhYVEhQUFxohHBcYHxkUFB0nHR8iIyUlJRYcKSwoJCshJCUk\/9sAQwEGBgYJCAkRCQkRJBgUGCQkJCQkJCQkJCQkJCQkJCQkJCQkJCQkJCQkJCQkJCQkJCQkJCQkJCQkJCQkJCQkJCQk\/8AAEQgAIgAyAwEiAAIRAQMRAf\/EAB8AAAEFAQEBAQEBAAAAAAAAAAABAgMEBQYHCAkKC\/\/EALUQAAIBAwMCBAMFBQQEAAABfQECAwAEEQUSITFBBhNRYQcicRQygZGhCCNCscEVUtHwJDNicoIJChYXGBkaJSYnKCkqNDU2Nzg5OkNERUZHSElKU1RVVldYWVpjZGVmZ2hpanN0dXZ3eHl6g4SFhoeIiYqSk5SVlpeYmZqio6Slpqeoqaqys7S1tre4ubrCw8TFxsfIycrS09TV1tfY2drh4uPk5ebn6Onq8fLz9PX29\/j5+v\/EAB8BAAMBAQEBAQEBAQEAAAAAAAABAgMEBQYHCAkKC\/\/EALURAAIBAgQEAwQHBQQEAAECdwABAgMRBAUhMQYSQVEHYXETIjKBCBRCkaGxwQkjM1LwFWJy0QoWJDThJfEXGBkaJicoKSo1Njc4OTpDREVGR0hJSlNUVVZXWFlaY2RlZmdoaWpzdHV2d3h5eoKDhIWGh4iJipKTlJWWl5iZmqKjpKWmp6ipqrKztLW2t7i5usLDxMXGx8jJytLT1NXW19jZ2uLj5OXm5+jp6vLz9PX29\/j5+v\/aAAwDAQACEQMRAD8A+p25xUbD96v0pyqVUAkk+ppD\/rB9KaEzN1Bc3BPsKz57220qIXl0+yGIjc2M9TgfqRWlf4+0H6CuI+JBiGi27TSqkS3Cs4YnkZ7e+SOvbNZVZ8kXIulFSkot2Ou0zXbDXYt9m7HaVYo64YA8g\/Q1qOBjmvItA8Sw6Jd27sixwKpUfNzsHGGxkf3SD9c16ZpOvWusgiDcrBQxB9Kyw+IVRWe48VCNCqqd99iwYATnFFWQvAorsMDDtfiJ4au7iS2Ooi2uInKSRXKNGUYHBBJGPyNbtvcw3arPbypNEw+V423KfxFedeLtBS1Fx4ju7ZVZgokES7txx1wM89PyrC+HXxAtb\/WG0Nrma2SUkwqePmHUdeMj+VSti3uerX5\/0g\/QV5f8R54vEOm3FlBMuLWVFkAPB5DH8sY\/Ou\/kvNJs2kWbUQrryTPIAM49653\/AIRC28SWN7dWyxWf28YeWIcSgdGGPr9DXNiYynHliROnOafK0lqn80zxnUtJv\/DFnJJeSFjcpug+YsqRkg9Ox+Y5HtXr\/wALQESRnkUymNN2Dkjrx+lQ2fwqWa6ik1a9fVY4lKIk0jYU9jgcZGBx09q39J0YaBbSW0UcJmeXc2xgC46AnOOcdq58NhpxnzyRGJpuVSjZ3UVZnWCVQANw\/OiuVe81NXYDRrtgDjIkhwf\/AB+ivQ5jWwigSAo4DLxweRXM+JdJ08xvP9gtfNTBSTyl3KfY44ooqUPqbHhDwvoK6fb3A0TTBNt\/1gtY9354zWhr88tteQJBK8S7OiMVH6UUVlV+E2huaomk+wWbeY+Wbk561TvEWRHZ1DFckFhkg0UVo9iUDTSbj+8fr60UUUyT\/9k=);\"\"><\/div><div class = \"tatsu-section-background tatsu-bg-lazyload\" data-src = \"http:\/\/handsrh.com.br\/site\/wp-content\/uploads\/2020\/08\/Depositphotos_27674675_xl-2015-scaled.jpg\"><\/div><\/div><div class=\"tatsu-overlay tatsu-section-overlay\"><\/div><\/div><style>.tatsu-E71dG53wd.tatsu-section{background-color: #323232;}.tatsu-E71dG53wd .tatsu-section-background{background-image: url(http:\/\/handsrh.com.br\/site\/wp-content\/uploads\/2020\/08\/Depositphotos_27674675_xl-2015-scaled.jpg);background-repeat: no-repeat;background-attachment: scroll;background-position: center center;background-size: cover;}.tatsu-E71dG53wd .tatsu-bg-blur{background-repeat: no-repeat;background-attachment: scroll;background-position: center center;background-size: cover;}.tatsu-E71dG53wd .tatsu-section-pad{padding: 120px 0px 120px 0px ;}.tatsu-E71dG53wd > .tatsu-bottom-divider{z-index: 9999;}.tatsu-E71dG53wd > .tatsu-top-divider{z-index: 9999;}.tatsu-E71dG53wd .tatsu-section-overlay{background: rgba(42,81,137,1);mix-blend-mode: multiply;}.tatsu-E71dG53wd .tatsu-custom-height-wrap{align-items: center;min-height: 70vh;}<\/style><\/div><div  class=\"tatsu-mJq5ky95D tatsu-section    tatsu-clearfix\" data-title=\"\"  data-headerscheme=\"background--dark\"><div class='tatsu-section-pad clearfix' data-padding='{\"d\":\"90px 0px 73px 0px\"}' data-padding-top='90px'><div class=\"tatsu-row-wrap  tatsu-wrap tatsu-row-one-col tatsu-row-has-one-cols tatsu-medium-gutter tatsu-reg-cols  tatsu-clearfix tatsu-9PE29_Eihy\" ><div  class=\"tatsu-row \" ><div  class=\"tatsu-column  tatsu-column-no-bg tatsu-one-col tatsu-column-image-none tatsu-column-effect-none  tatsu-aDv23CghwG\"  data-parallax-speed=\"0\" style=\"\"><div class=\"tatsu-column-inner \" ><div class=\"tatsu-column-pad-wrap\"><div class=\"tatsu-column-pad\" ><div  class=\"tatsu-module tatsu-inline-text clearfix tatsu-kwEV5mb3Eh   \" ><style>.tatsu-kwEV5mb3Eh .tatsu-inline-text-inner{width: 70%;text-align: left;}<\/style><div class=\"tatsu-inline-text-inner tatsu-align-center\">\n<p style=\"text-align: justify;\"><span style=\"color: #ffffff;\"><span style=\"font-size: 24px;\">No caso de a empresa j&aacute; ter o seu processo de recrutamento e sele&ccedil;&atilde;o estruturado com equipe dispon&iacute;vel para tal fim, podemos realizar apenas a etapa de aplica&ccedil;&atilde;o de testes comportamentais e psicol&oacute;gicos nos finalistas indicados pela pr&oacute;pria empresa. Emitiremos um relat&oacute;rio com o perfil de cada avaliado para que a empresa tenha mais recursos e tome a decis&atilde;o sobre a contrata&ccedil;&atilde;o.<\/span><\/span><\/p>\n<p style=\"text-align: justify;\"><span style=\"color: #ffffff;\"><span style=\"font-size: 24px;\">Em situa&ccedil;&otilde;es nas quais a empresa j&aacute; possua o seu processo de recrutamento e sele&ccedil;&atilde;o estruturado, com equipe dispon&iacute;vel para tal fim, podemos realizar apenas a etapa de aplica&ccedil;&atilde;o de testes comportamentais e psicol&oacute;gicos nos finalistas indicados pela pr&oacute;pria empresa. Emitiremos um relat&oacute;rio com o perfil de cada avaliado para que<\/span><\/span><\/p>\n<\/div><\/div><div  class=\"tatsu-module tatsu-normal-button tatsu-button-wrap align-block block-center  tatsu-cOp-puTc89   \"><a class=\"tatsu-shortcode smallbtn tatsu-button left-icon circular   bg-animation-none  \" href=\"http:\/\/handsrh.com.br\/site\/contato\/\" style= \"\"  aria-label=\"Entre em contato\" data-gdpr-atts={} >Entre em contato<\/a><style>.tatsu-cOp-puTc89 .tatsu-button{color: #ffffff ;border-width: 1px;border-color: rgba(255,254,254,1); }<\/style><\/div><\/div><\/div><div class = \"tatsu-column-bg-image-wrap\"><div class = \"tatsu-column-bg-image tatsu-bg-lazyload\" data-src = \"\"><\/div><\/div><\/div><style>.tatsu-row > .tatsu-aDv23CghwG.tatsu-column{width: 100%;}.tatsu-aDv23CghwG.tatsu-column > .tatsu-column-inner > .tatsu-column-overlay{mix-blend-mode: none;}.tatsu-aDv23CghwG > .tatsu-column-inner > .tatsu-top-divider{z-index: 9999;}.tatsu-aDv23CghwG > .tatsu-column-inner > .tatsu-bottom-divider{z-index: 9999;}.tatsu-aDv23CghwG > .tatsu-column-inner > .tatsu-left-divider{z-index: 9999;}.tatsu-aDv23CghwG > .tatsu-column-inner > .tatsu-right-divider{z-index: 9999;}<\/style><\/div><\/div><\/div><\/div><div class=\"tatsu-section-background-wrap\"><div class = \"tatsu-section-background tatsu-bg-lazyload\" data-src = \"\"><\/div><\/div><style>.tatsu-mJq5ky95D.tatsu-section{background-color: rgba(78,91,108,1);}.tatsu-mJq5ky95D .tatsu-section-pad{padding: 90px 0px 73px 0px;}.tatsu-mJq5ky95D > .tatsu-bottom-divider{z-index: 9999;}.tatsu-mJq5ky95D > .tatsu-top-divider{z-index: 9999;}<\/style><\/div>\n","protected":false},"excerpt":{"rendered":"<div><a href=\"https:\/\/handsrh.com.br\/site\/aplicacao-de-testes-psicologicos-e-comportamentais\/\" class=\"exp-read-more exp-read-more-underlined\">Read More<\/a><\/div>\n","protected":false},"author":1,"featured_media":0,"parent":0,"menu_order":0,"comment_status":"closed","ping_status":"closed","template":"","meta":[],"_links":{"self":[{"href":"https:\/\/handsrh.com.br\/site\/wp-json\/wp\/v2\/pages\/4997"}],"collection":[{"href":"https:\/\/handsrh.com.br\/site\/wp-json\/wp\/v2\/pages"}],"about":[{"href":"https:\/\/handsrh.com.br\/site\/wp-json\/wp\/v2\/types\/page"}],"author":[{"embeddable":true,"href":"https:\/\/handsrh.com.br\/site\/wp-json\/wp\/v2\/users\/1"}],"replies":[{"embeddable":true,"href":"https:\/\/handsrh.com.br\/site\/wp-json\/wp\/v2\/comments?post=4997"}],"version-history":[{"count":5,"href":"https:\/\/handsrh.com.br\/site\/wp-json\/wp\/v2\/pages\/4997\/revisions"}],"predecessor-version":[{"id":5084,"href":"https:\/\/handsrh.com.br\/site\/wp-json\/wp\/v2\/pages\/4997\/revisions\/5084"}],"wp:attachment":[{"href":"https:\/\/handsrh.com.br\/site\/wp-json\/wp\/v2\/media?parent=4997"}],"curies":[{"name":"wp","href":"https:\/\/api.w.org\/{rel}","templated":true}]}}