{"id":4992,"date":"2020-08-06T07:23:01","date_gmt":"2020-08-06T10:23:01","guid":{"rendered":"http:\/\/handsrh.com.br\/site\/?page_id=4992"},"modified":"2020-08-19T09:32:03","modified_gmt":"2020-08-19T12:32:03","slug":"avaliacao-de-potencial-para-promocao","status":"publish","type":"page","link":"https:\/\/handsrh.com.br\/site\/avaliacao-de-potencial-para-promocao\/","title":{"rendered":"Avalia\u00e7\u00e3o de potencial para promo\u00e7\u00e3o"},"content":{"rendered":"<div  class=\"tatsu-k0ffea3y7 tatsu-section  tatsu-section-custom-height tatsu-bg-overlay   tatsu-clearfix\" data-title=\"\"  data-headerscheme=\"background--dark\"><div class = \"tatsu-custom-height-wrap\"><div class='tatsu-section-pad clearfix' data-padding='{\"d\":\"120px 0px 120px 0px \"}' data-padding-top='120px'><div class=\"tatsu-row-wrap  tatsu-wrap tatsu-row-one-col tatsu-row-has-one-cols tatsu-medium-gutter tatsu-reg-cols  tatsu-clearfix tatsu-AAvkYAbagD\" ><div  class=\"tatsu-row \" ><div  class=\"tatsu-column  tatsu-column-no-bg tatsu-one-col tatsu-column-image-none tatsu-column-effect-none  tatsu-6zL0Nta0Fq\"  data-parallax-speed=\"0\" style=\"\"><div class=\"tatsu-column-inner \" ><div class=\"tatsu-column-pad-wrap\"><div class=\"tatsu-column-pad\" ><div  class=\"tatsu-module tatsu-inline-text clearfix tatsu-fOGHwgXEMj   \" ><style>.tatsu-fOGHwgXEMj .tatsu-inline-text-inner{width: 100%;text-align: left;padding: 85px 0px 0px 0px;}.tatsu-fOGHwgXEMj.tatsu-inline-text{margin: 0px 0px 0px 0px;}<\/style><div class=\"tatsu-inline-text-inner tatsu-align-center\">\n<h1 style=\"text-align: center;\"><span style=\"color: #ffffff;\">Avalia\u00e7\u00e3o de potencial para promo\u00e7\u00e3o<\/span><\/h1>\n<\/div><\/div><\/div><\/div><div class = \"tatsu-column-bg-image-wrap\"><div class = \"tatsu-column-bg-image tatsu-bg-lazyload\" data-src = \"\"><\/div><\/div><\/div><style>.tatsu-row > .tatsu-6zL0Nta0Fq.tatsu-column{width: 100%;}.tatsu-6zL0Nta0Fq.tatsu-column > .tatsu-column-inner > .tatsu-column-overlay{mix-blend-mode: none;}.tatsu-6zL0Nta0Fq > .tatsu-column-inner > .tatsu-top-divider{z-index: 9999;}.tatsu-6zL0Nta0Fq > .tatsu-column-inner > .tatsu-bottom-divider{z-index: 9999;}.tatsu-6zL0Nta0Fq > .tatsu-column-inner > .tatsu-left-divider{z-index: 9999;}.tatsu-6zL0Nta0Fq > .tatsu-column-inner > .tatsu-right-divider{z-index: 9999;}<\/style><\/div><\/div><\/div><\/div><div class=\"tatsu-section-background-wrap\"><div class = \"tatsu-bg-blur\" style = \"background-image : url(data:image\/jpeg;base64,\/9j\/4AAQSkZJRgABAQEAYABgAAD\/\/gA7Q1JFQVRPUjogZ2QtanBlZyB2MS4wICh1c2luZyBJSkcgSlBFRyB2NjIpLCBxdWFsaXR5ID0gODIK\/9sAQwAGBAQFBAQGBQUFBgYGBwkOCQkICAkSDQ0KDhUSFhYVEhQUFxohHBcYHxkUFB0nHR8iIyUlJRYcKSwoJCshJCUk\/9sAQwEGBgYJCAkRCQkRJBgUGCQkJCQkJCQkJCQkJCQkJCQkJCQkJCQkJCQkJCQkJCQkJCQkJCQkJCQkJCQkJCQkJCQk\/8AAEQgAIQAyAwEiAAIRAQMRAf\/EAB8AAAEFAQEBAQEBAAAAAAAAAAABAgMEBQYHCAkKC\/\/EALUQAAIBAwMCBAMFBQQEAAABfQECAwAEEQUSITFBBhNRYQcicRQygZGhCCNCscEVUtHwJDNicoIJChYXGBkaJSYnKCkqNDU2Nzg5OkNERUZHSElKU1RVVldYWVpjZGVmZ2hpanN0dXZ3eHl6g4SFhoeIiYqSk5SVlpeYmZqio6Slpqeoqaqys7S1tre4ubrCw8TFxsfIycrS09TV1tfY2drh4uPk5ebn6Onq8fLz9PX29\/j5+v\/EAB8BAAMBAQEBAQEBAQEAAAAAAAABAgMEBQYHCAkKC\/\/EALURAAIBAgQEAwQHBQQEAAECdwABAgMRBAUhMQYSQVEHYXETIjKBCBRCkaGxwQkjM1LwFWJy0QoWJDThJfEXGBkaJicoKSo1Njc4OTpDREVGR0hJSlNUVVZXWFlaY2RlZmdoaWpzdHV2d3h5eoKDhIWGh4iJipKTlJWWl5iZmqKjpKWmp6ipqrKztLW2t7i5usLDxMXGx8jJytLT1NXW19jZ2uLj5OXm5+jp6vLz9PX29\/j5+v\/aAAwDAQACEQMRAD8A9vuZk0fRb3UXjkkjtIHnZIxlmCqTgD1OK4JPF3i\/UvD2qSx2ulW2otZG5svKZ28jlfllVhgsFcHjjI6V6F4l1uxsNEmtkjSV7w\/ZUSRcqQwYsT9EDHHfAHeuQ8GXEAu\/s85bzmGxGdsqU9MeucZ9eK8+dS1SNNPc9KjS5qUqklsN+Hus6h4d0\/VLzxPrsus29jEsqtJbxxyK53ZTKsd2SFxnGM\/lcPxGuNWtrtp9Li07ULcJiMS\/aE2swXcSuM4J5A\/Os\/xOlnbjXPD\/APo9j9vhSaCQjCqxYISBn+FvLYAY+\/Xnl14qfSvE1vpjzw38txElhJMVKgM0i84yecrkDPG6tHTrS92A6aoSvJr\/AIY9Xg8XSWXh\/wDtTVbSZ3EphC2kJJl4B3BSTtGDzlsDHWtnw9r8PiHTUvoIJ4EYlQkwAbj6Eiue1y70ux0qNLrUbXTbKBWmJuJSqhemCeSTkjjkmqXwo1nRNV8OTy6Aztbx3s0bM4ILYbKnB5AKlSB2zScKkZ2lsRJ0pQvHe+3ka97c7bycY6SMP1orJ1C\/C39yN44lcdfc0Vtc5bF\/xXZpqVgrl5FezkNxHs\/ibYyYPthzXEaTa6nceIYLOGRhG6lmV13FCOcg5yP\/ANVX\/G3xAHhTQF1K4tnuFklWExo+NpYMc89cY\/WvLbvx6nimJLnTYb60FvdxhpjIEYOVdhgqc\/wnnivPq0HUrRlbTqeph68adGUeaz6HrHirwfF4nubNNZmu7m4gBjhjtZEDspdGIcMOVygGeep\/DzH4t6J\/wi\/iPSdU06S2Go3F8rQ6Ytv5SIVwVJ+YZJIBPTr+J4fxr4t1+e6k8zVtSlZYgVZrlyYzvX5s5znAx\/wKuKbU70X0OoS3c0l1CwMcsrl2XHTk5r0qcZQfuydjhniLxaa1Z03xA8SeJdb16SHxDcrNcwBQUjIEaZG4AAcE4br+te8fs12IsfAk960hZ728dsdlCgKB9cgn8RXz+y6Zrlm2p6l4kddXd3aeGW3kkeRQFCFWA29iMEjGBXtXwJ1a203wlPF\/aT3Ufn7\/ACBbOGtnI+ZSQCCDwRj3p1djCnudJq2oquq3g54nkHT\/AGjRXN6nrdjJqV25vCpaZzgwvx8x9qKwuzTQp\/Gj\/kRf+3uP+TV5l4G\/5At\/\/wBhG1\/9FXFFFaU\/gFP4yt4i\/wBbqf8A16p\/6OjrjrnoKKK2RlImh++P90V7V8G\/+RWvf+v1v\/QEoorLEfCaUNzO1P8A5CV3\/wBdn\/8AQjRRRXOjRn\/\/2Q==);\"\"><\/div><div class = \"tatsu-section-background tatsu-bg-lazyload\" data-src = \"http:\/\/handsrh.com.br\/site\/wp-content\/uploads\/2020\/08\/Depositphotos_34709101_xl-2015-scaled.jpg\"><\/div><\/div><div class=\"tatsu-overlay tatsu-section-overlay\"><\/div><\/div><style>.tatsu-k0ffea3y7.tatsu-section{background-color: #323232;}.tatsu-k0ffea3y7 .tatsu-section-background{background-image: url(http:\/\/handsrh.com.br\/site\/wp-content\/uploads\/2020\/08\/Depositphotos_34709101_xl-2015-scaled.jpg);background-repeat: no-repeat;background-attachment: scroll;background-position: top center;background-size: cover;}.tatsu-k0ffea3y7 .tatsu-bg-blur{background-repeat: no-repeat;background-attachment: scroll;background-position: top center;background-size: cover;}.tatsu-k0ffea3y7 .tatsu-section-pad{padding: 120px 0px 120px 0px ;}.tatsu-k0ffea3y7 > .tatsu-bottom-divider{z-index: 9999;}.tatsu-k0ffea3y7 > .tatsu-top-divider{z-index: 9999;}.tatsu-k0ffea3y7 .tatsu-section-overlay{background: rgba(42,81,137,1);mix-blend-mode: multiply;}.tatsu-k0ffea3y7 .tatsu-custom-height-wrap{align-items: center;min-height: 70vh;}<\/style><\/div><div  class=\"tatsu-GYwmIoblD tatsu-section    tatsu-clearfix\" data-title=\"\"  data-headerscheme=\"background--dark\"><div class='tatsu-section-pad clearfix' data-padding='{\"d\":\"90px 0px 90px 0px\"}' data-padding-top='90px'><div class=\"tatsu-row-wrap  tatsu-wrap tatsu-row-one-col tatsu-row-has-one-cols tatsu-medium-gutter tatsu-reg-cols  tatsu-clearfix tatsu-JKWNDizklt\" ><div  class=\"tatsu-row \" ><div  class=\"tatsu-column  tatsu-column-no-bg tatsu-one-col tatsu-column-image-none tatsu-column-effect-none  tatsu-7_UspVXq27\"  data-parallax-speed=\"0\" style=\"\"><div class=\"tatsu-column-inner \" ><div class=\"tatsu-column-pad-wrap\"><div class=\"tatsu-column-pad\" ><div  class=\"tatsu-module tatsu-inline-text clearfix tatsu-deX3Gnlk9O   \" ><style>.tatsu-deX3Gnlk9O .tatsu-inline-text-inner{width: 70%;text-align: left;}<\/style><div class=\"tatsu-inline-text-inner tatsu-align-center\">\n<p style=\"text-align: justify;\"><span style=\"font-size: 24px; line-height: 38px; color: #ffffff;\">Diferentemente do Recrutamento Interno, onde uma determinada oportunidade &eacute; aberta a todos, a Avalia&ccedil;&atilde;o do Potencial para Promo&ccedil;&atilde;o envolve apenas alguns profissionais espec&iacute;ficos (podendo ser um ou mais profissionais), indicados pelos gestores para avalia&ccedil;&atilde;o de perfil (t&eacute;cnico, comportamental, emocional, etc). Deste modo, antes de promover algu&eacute;m, tanto a empresa quanto o colaborador ter&atilde;o maior seguran&ccedil;a nesta tomada de decis&atilde;o.<\/span><\/p>\n<\/div><\/div><div  class=\"tatsu-module tatsu-normal-button tatsu-button-wrap align-block block-center  tatsu-kPMnJNumUM   \"><a class=\"tatsu-shortcode smallbtn tatsu-button left-icon circular   bg-animation-none  \" href=\"http:\/\/handsrh.com.br\/site\/contato\/\" style= \"\"  aria-label=\"entre em contato\" data-gdpr-atts={} >entre em contato<\/a><style>.tatsu-kPMnJNumUM .tatsu-button{color: #ffffff ;border-width: 1px;border-color: rgba(255,254,254,1); }<\/style><\/div><\/div><\/div><div class = \"tatsu-column-bg-image-wrap\"><div class = \"tatsu-column-bg-image tatsu-bg-lazyload\" data-src = \"\"><\/div><\/div><\/div><style>.tatsu-row > .tatsu-7_UspVXq27.tatsu-column{width: 100%;}.tatsu-7_UspVXq27.tatsu-column > .tatsu-column-inner > .tatsu-column-overlay{mix-blend-mode: none;}.tatsu-7_UspVXq27 > .tatsu-column-inner > .tatsu-top-divider{z-index: 9999;}.tatsu-7_UspVXq27 > .tatsu-column-inner > .tatsu-bottom-divider{z-index: 9999;}.tatsu-7_UspVXq27 > .tatsu-column-inner > .tatsu-left-divider{z-index: 9999;}.tatsu-7_UspVXq27 > .tatsu-column-inner > .tatsu-right-divider{z-index: 9999;}<\/style><\/div><\/div><\/div><\/div><div class=\"tatsu-section-background-wrap\"><div class = \"tatsu-section-background tatsu-bg-lazyload\" data-src = \"\"><\/div><\/div><style>.tatsu-GYwmIoblD.tatsu-section{background-color: rgba(78,91,108,1);}.tatsu-GYwmIoblD .tatsu-section-pad{padding: 90px 0px 90px 0px;}.tatsu-GYwmIoblD > .tatsu-bottom-divider{z-index: 9999;}.tatsu-GYwmIoblD > .tatsu-top-divider{z-index: 9999;}<\/style><\/div>\n","protected":false},"excerpt":{"rendered":"<div><a href=\"https:\/\/handsrh.com.br\/site\/avaliacao-de-potencial-para-promocao\/\" class=\"exp-read-more exp-read-more-underlined\">Read More<\/a><\/div>\n","protected":false},"author":1,"featured_media":0,"parent":0,"menu_order":0,"comment_status":"closed","ping_status":"closed","template":"","meta":[],"_links":{"self":[{"href":"https:\/\/handsrh.com.br\/site\/wp-json\/wp\/v2\/pages\/4992"}],"collection":[{"href":"https:\/\/handsrh.com.br\/site\/wp-json\/wp\/v2\/pages"}],"about":[{"href":"https:\/\/handsrh.com.br\/site\/wp-json\/wp\/v2\/types\/page"}],"author":[{"embeddable":true,"href":"https:\/\/handsrh.com.br\/site\/wp-json\/wp\/v2\/users\/1"}],"replies":[{"embeddable":true,"href":"https:\/\/handsrh.com.br\/site\/wp-json\/wp\/v2\/comments?post=4992"}],"version-history":[{"count":4,"href":"https:\/\/handsrh.com.br\/site\/wp-json\/wp\/v2\/pages\/4992\/revisions"}],"predecessor-version":[{"id":5088,"href":"https:\/\/handsrh.com.br\/site\/wp-json\/wp\/v2\/pages\/4992\/revisions\/5088"}],"wp:attachment":[{"href":"https:\/\/handsrh.com.br\/site\/wp-json\/wp\/v2\/media?parent=4992"}],"curies":[{"name":"wp","href":"https:\/\/api.w.org\/{rel}","templated":true}]}}