{"id":4587,"date":"2018-10-01T07:29:58","date_gmt":"2018-10-01T07:29:58","guid":{"rendered":"https:\/\/brandexponents.com\/exponent-lite\/finance\/?page_id=4587"},"modified":"2024-03-13T16:13:34","modified_gmt":"2024-03-13T19:13:34","slug":"contato","status":"publish","type":"page","link":"https:\/\/handsrh.com.br\/site\/contato\/","title":{"rendered":"Contato"},"content":{"rendered":"<div  class=\"tatsu-fvsray6pm19cdled tatsu-section  tatsu-bg-overlay   tatsu-clearfix\" data-title=\"\"  data-headerscheme=\"background--dark\"><div class='tatsu-section-pad clearfix' data-padding='{\"d\":\"200px 0px 200px 0px\",\"l\":\"120px 0px 120px 0px\",\"t\":\"120px 0px 120px 0px\",\"m\":\"120px 0px 120px 0px\"}' data-padding-top='120px'><div class=\"tatsu-row-wrap  tatsu-wrap tatsu-row-one-col tatsu-row-has-one-cols tatsu-medium-gutter tatsu-reg-cols  tatsu-clearfix tatsu-fvsray6pr9e5qio5\" ><div  class=\"tatsu-row \" ><div  class=\"tatsu-column  tatsu-column-no-bg tatsu-one-col tatsu-column-image-none tatsu-column-effect-none  tatsu-fvsray6pyear9qu2\"  data-parallax-speed=\"0\" style=\"\"><div class=\"tatsu-column-inner \" ><div class=\"tatsu-column-pad-wrap\"><div class=\"tatsu-column-pad\" ><div  class=\"tatsu-module tatsu-inline-text clearfix tatsu-fvsray6q3546ium4   \" ><style>.tatsu-fvsray6q3546ium4 .tatsu-inline-text-inner{width: 55%;text-align: left;}.tatsu-fvsray6q3546ium4.tatsu-inline-text{margin: 0px 0px 15px 0px ;}@media only screen and (min-width:768px) and (max-width: 1024px) {.tatsu-fvsray6q3546ium4 .tatsu-inline-text-inner{width: 80%;}}@media only screen and (max-width: 767px) {.tatsu-fvsray6q3546ium4 .tatsu-inline-text-inner{width: 100%;}}<\/style><div class=\"tatsu-inline-text-inner tatsu-align-center\">\n<h1 style=\"text-align: center;\"><span style=\"color: #ffffff;\">Entre em contato<\/span><\/h1>\n<\/div><\/div><div  class=\"tatsu-module tatsu-inline-text clearfix tatsu-fvsray6qy1aj8577   \" ><style>.tatsu-fvsray6qy1aj8577 .tatsu-inline-text-inner{width: 40%;text-align: left;}@media only screen and (min-width:768px) and (max-width: 1024px) {.tatsu-fvsray6qy1aj8577 .tatsu-inline-text-inner{width: 60%;}}@media only screen and (max-width: 767px) {.tatsu-fvsray6qy1aj8577 .tatsu-inline-text-inner{width: 100%;}}<\/style><div class=\"tatsu-inline-text-inner tatsu-align-center\">\n<p style=\"text-align: center;\"><span style=\"color: #ffffff; font-size: 18px; line-height: 32px;\">Preencha o formul\u00e1rio abaixo para entrar em contato. Ser\u00e1 um prazer falar com voc\u00ea.<\/span><\/p>\n<\/div><\/div><\/div><\/div><div class = \"tatsu-column-bg-image-wrap\"><div class = \"tatsu-column-bg-image tatsu-bg-lazyload\" data-src = \"\"><\/div><\/div><\/div><style>.tatsu-row > .tatsu-fvsray6pyear9qu2.tatsu-column{width: 100%;}.tatsu-fvsray6pyear9qu2.tatsu-column > .tatsu-column-inner > .tatsu-column-overlay{mix-blend-mode: none;}.tatsu-fvsray6pyear9qu2 > .tatsu-column-inner > .tatsu-top-divider{z-index: 9999;}.tatsu-fvsray6pyear9qu2 > .tatsu-column-inner > .tatsu-bottom-divider{z-index: 9999;}.tatsu-fvsray6pyear9qu2 > .tatsu-column-inner > .tatsu-left-divider{z-index: 9999;}.tatsu-fvsray6pyear9qu2 > .tatsu-column-inner > .tatsu-right-divider{z-index: 9999;}@media only screen and (max-width:1377px) {.tatsu-row > .tatsu-fvsray6pyear9qu2.tatsu-column{width: 100%;}}@media only screen and (min-width:768px) and (max-width: 1024px) {.tatsu-row > .tatsu-fvsray6pyear9qu2.tatsu-column{width: 100%;}}@media only screen and (max-width: 767px) {.tatsu-row > .tatsu-fvsray6pyear9qu2.tatsu-column{width: 100%;}}<\/style><\/div><\/div><\/div><\/div><div class=\"tatsu-section-background-wrap\"><div class = \"tatsu-bg-blur\" style = \"background-image : url(data:image\/jpeg;base64,\/9j\/4AAQSkZJRgABAQEAYABgAAD\/\/gA7Q1JFQVRPUjogZ2QtanBlZyB2MS4wICh1c2luZyBJSkcgSlBFRyB2NjIpLCBxdWFsaXR5ID0gODIK\/9sAQwAGBAQFBAQGBQUFBgYGBwkOCQkICAkSDQ0KDhUSFhYVEhQUFxohHBcYHxkUFB0nHR8iIyUlJRYcKSwoJCshJCUk\/9sAQwEGBgYJCAkRCQkRJBgUGCQkJCQkJCQkJCQkJCQkJCQkJCQkJCQkJCQkJCQkJCQkJCQkJCQkJCQkJCQkJCQkJCQk\/8AAEQgAFgAyAwEiAAIRAQMRAf\/EAB8AAAEFAQEBAQEBAAAAAAAAAAABAgMEBQYHCAkKC\/\/EALUQAAIBAwMCBAMFBQQEAAABfQECAwAEEQUSITFBBhNRYQcicRQygZGhCCNCscEVUtHwJDNicoIJChYXGBkaJSYnKCkqNDU2Nzg5OkNERUZHSElKU1RVVldYWVpjZGVmZ2hpanN0dXZ3eHl6g4SFhoeIiYqSk5SVlpeYmZqio6Slpqeoqaqys7S1tre4ubrCw8TFxsfIycrS09TV1tfY2drh4uPk5ebn6Onq8fLz9PX29\/j5+v\/EAB8BAAMBAQEBAQEBAQEAAAAAAAABAgMEBQYHCAkKC\/\/EALURAAIBAgQEAwQHBQQEAAECdwABAgMRBAUhMQYSQVEHYXETIjKBCBRCkaGxwQkjM1LwFWJy0QoWJDThJfEXGBkaJicoKSo1Njc4OTpDREVGR0hJSlNUVVZXWFlaY2RlZmdoaWpzdHV2d3h5eoKDhIWGh4iJipKTlJWWl5iZmqKjpKWmp6ipqrKztLW2t7i5usLDxMXGx8jJytLT1NXW19jZ2uLj5OXm5+jp6vLz9PX29\/j5+v\/aAAwDAQACEQMRAD8A+ibiAAFyM4A7VFFcuMqgYZIAGBUWs669tbSG1t1ndQCVL7QB9azV1SWfS4r+Ly4uVYhm7AnIr0YwbV2ebKaUrI1E1ORi8ZlxKhPyMuOPrioZL15YS0Ukit\/ESuPyOK4+7XVdZ8y\/tdaiQgkx26gjgdqv6Be6vL5tvqnlFQuYyBj8DVOmkrijVbsM1uye4miklunLMVj5Iztzzjv3\/Cr9rcXNikMEdwxjUBQMDGAPToK57WL2GO5CXF5EskK7SfmbBBxkdiSCR04PPOKtaTdPLZvcRyxtGgZV4wd3JOeBzyPr171yRlTc3ytX\/wAjrnGqoLmTsv1OsYybji\/ixnjMaUVwcHjTVfJj8ywmZ9o3MFAyccmiuv2Ujm50W7yVLwSI\/mqrgE7WxzVmwtI\/shgwWiIHDHniiitZtpWRzxSbua+n6XBboDGCvtnPNS3WxAuUBwc0UVy3bep1pJLQwNVtLS4cyPCN\/HNO0WO2gDwpbptwW6Dr60UUklcOZ7EpaHJ\/d0UUVvYzP\/\/Z);\"\"><\/div><div class = \"tatsu-section-background tatsu-bg-lazyload\" data-src = \"http:\/\/handsrh.com.br\/site\/wp-content\/uploads\/2020\/08\/Depositphotos_86049794_xl-2015-scaled.jpg\"><\/div><\/div><div class=\"tatsu-overlay tatsu-section-overlay\"><\/div><style>.tatsu-fvsray6pm19cdled.tatsu-section{background-color: #323232;}.tatsu-fvsray6pm19cdled .tatsu-section-background{background-image: url(http:\/\/handsrh.com.br\/site\/wp-content\/uploads\/2020\/08\/Depositphotos_86049794_xl-2015-scaled.jpg);background-repeat: no-repeat;background-attachment: scroll;background-position: center center;background-size: cover;}.tatsu-fvsray6pm19cdled .tatsu-bg-blur{background-repeat: no-repeat;background-attachment: scroll;background-position: center center;background-size: cover;}.tatsu-fvsray6pm19cdled .tatsu-section-pad{padding: 200px 0px 200px 0px;}.tatsu-fvsray6pm19cdled > .tatsu-bottom-divider{z-index: 9999;}.tatsu-fvsray6pm19cdled > .tatsu-top-divider{z-index: 9999;}.tatsu-fvsray6pm19cdled .tatsu-section-overlay{background: rgba(42,81,137,1);mix-blend-mode: multiply;}@media only screen and (max-width:1377px) {.tatsu-fvsray6pm19cdled .tatsu-section-pad{padding: 120px 0px 120px 0px;}}@media only screen and (min-width:768px) and (max-width: 1024px) {.tatsu-fvsray6pm19cdled .tatsu-section-pad{padding: 120px 0px 120px 0px;}}@media only screen and (max-width: 767px) {.tatsu-fvsray6pm19cdled .tatsu-section-pad{padding: 120px 0px 120px 0px;}}<\/style><\/div><div  class=\"tatsu-fvsre13awr3ycnd5 tatsu-section    tatsu-clearfix\" data-title=\"\"  data-headerscheme=\"background--dark\"><div class='tatsu-section-pad clearfix' data-padding='{\"d\":\"90px 0px 90px 0px\"}' data-padding-top='90px'><div class=\"tatsu-row-wrap  tatsu-wrap tatsu-row-has-two-cols tatsu-medium-gutter tatsu-reg-cols  tatsu-clearfix tatsu-fvsre13cme6u5j93\" ><div  class=\"tatsu-row \" ><div  class=\"tatsu-column  tatsu-two-third tatsu-column-image-none tatsu-column-effect-none  tatsu-fvsre13cxwdt8ars\"  data-parallax-speed=\"0\" style=\"\"><div class=\"tatsu-column-inner \" ><div class=\"tatsu-column-pad-wrap\"><div class=\"tatsu-column-pad\" ><div  class=\"tatsu-module tatsu-inline-text clearfix tatsu-fvsre13bgv5n7zyc   \" ><style>.tatsu-fvsre13bgv5n7zyc .tatsu-inline-text-inner{width: 100%;text-align: left;}<\/style><div class=\"tatsu-inline-text-inner \">\n<h3>Tire suas d\u00favidas<\/h3>\n<p>Se preferir, envie um email para <a href=\"mailto:contato@handsrh.com.br\" target=\"_self\" rel=\"noopener\"><span class=\"tatsu-inline-link-style2 palette-0\">contato@handsrh.com.br<\/span><\/a><\/p>\n<\/div><\/div>        <div  class = \"tatsu-wp-forms tatsu-module  tatsu-_Ua1GehJb \" >\n            <style>.tatsu-_Ua1GehJb.tatsu-wp-forms div.wpforms-container-full .wpforms-form button[type=submit]{background-color: rgba(42,81,137,1);}.tatsu-_Ua1GehJb{border-width: 0px 0px 0px 0px;border-style: solid;}<\/style>            <div class = \"tatsu-wp-forms-inner tatsu-wp-form-rounded-with-underline tatsu-wp-form-submit-rounded-block\">\n                <div class=\"wpforms-container wpforms-container-full\" id=\"wpforms-4834\"><form id=\"wpforms-form-4834\" class=\"wpforms-validate wpforms-form\" data-formid=\"4834\" method=\"post\" enctype=\"multipart\/form-data\" action=\"\/site\/wp-json\/wp\/v2\/pages\/4587\" data-token=\"e484df5547c8a04f302a65dc7e4705fc\"><noscript class=\"wpforms-error-noscript\">Ative o JavaScript no seu navegador para preencher este formul\u00e1rio.<\/noscript><div class=\"wpforms-field-container\"><div id=\"wpforms-4834-field_7-container\" class=\"wpforms-field wpforms-field-name\" data-field-id=\"7\"><label class=\"wpforms-field-label wpforms-label-hide\" for=\"wpforms-4834-field_7\">Nome<\/label><input type=\"text\" id=\"wpforms-4834-field_7\" class=\"wpforms-field-large\" name=\"wpforms[fields][7]\" placeholder=\"Nome\" ><\/div><div id=\"wpforms-4834-field_3-container\" class=\"wpforms-field wpforms-field-text wpforms-one-half wpforms-first\" data-field-id=\"3\"><label class=\"wpforms-field-label wpforms-label-hide\" for=\"wpforms-4834-field_3\">Telefone<\/label><input type=\"text\" id=\"wpforms-4834-field_3\" class=\"wpforms-field-large\" name=\"wpforms[fields][3]\" placeholder=\"Telefone \/ Whatsapp\" ><\/div><div id=\"wpforms-4834-field_2-container\" class=\"wpforms-field wpforms-field-email wpforms-one-half\" data-field-id=\"2\"><label class=\"wpforms-field-label wpforms-label-hide\" for=\"wpforms-4834-field_2\">E-mail<\/label><input type=\"email\" id=\"wpforms-4834-field_2\" class=\"wpforms-field-large\" name=\"wpforms[fields][2]\" placeholder=\"Email\" ><\/div><div id=\"wpforms-4834-field_10-container\" class=\"wpforms-field wpforms-field-text\" data-field-id=\"10\"><label class=\"wpforms-field-label wpforms-label-hide\" for=\"wpforms-4834-field_10\">Assunto (c\u00f3pia)<\/label><input type=\"text\" id=\"wpforms-4834-field_10\" class=\"wpforms-field-large\" name=\"wpforms[fields][10]\" placeholder=\"Assunto\" ><\/div><div id=\"wpforms-4834-field_4-container\" class=\"wpforms-field wpforms-field-textarea\" data-field-id=\"4\"><label class=\"wpforms-field-label wpforms-label-hide\" for=\"wpforms-4834-field_4\">Mensagem<\/label><textarea id=\"wpforms-4834-field_4\" class=\"wpforms-field-medium\" name=\"wpforms[fields][4]\" placeholder=\"Mensagem\" ><\/textarea><\/div><\/div><div class=\"wpforms-field wpforms-field-hp\"><label for=\"wpforms-4834-field-hp\" class=\"wpforms-field-label\">Comment<\/label><input type=\"text\" name=\"wpforms[hp]\" id=\"wpforms-4834-field-hp\" class=\"wpforms-field-medium\"><\/div><div class=\"wpforms-recaptcha-container wpforms-is-hcaptcha\"><div class=\"g-recaptcha\" data-sitekey=\"8b123718-35b1-431a-826e-561718cb3c23\"><\/div><input type=\"text\" name=\"g-recaptcha-hidden\" class=\"wpforms-recaptcha-hidden\" style=\"position:absolute!important;clip:rect(0,0,0,0)!important;height:1px!important;width:1px!important;border:0!important;overflow:hidden!important;padding:0!important;margin:0!important;\" required><\/div><div class=\"wpforms-submit-container\"><input type=\"hidden\" name=\"wpforms[id]\" value=\"4834\"><input type=\"hidden\" name=\"wpforms[author]\" value=\"1\"><button type=\"submit\" name=\"wpforms[submit]\" id=\"wpforms-submit-4834\" class=\"wpforms-submit\" data-alt-text=\"Enviando...\" data-submit-text=\"Enviar\" aria-live=\"assertive\" value=\"wpforms-submit\">Enviar<\/button><\/div><\/form><\/div>  <!-- .wpforms-container -->            <\/div>\n        <\/div>\n<\/div><\/div><div class = \"tatsu-column-bg-image-wrap\"><div class = \"tatsu-column-bg-image tatsu-bg-lazyload\" data-src = \"\"><\/div><\/div><\/div><style>.tatsu-row > .tatsu-fvsre13cxwdt8ars.tatsu-column{width: 66.67%;}.tatsu-fvsre13cxwdt8ars.tatsu-column > .tatsu-column-inner{background-color: rgba(255,255,255,1);box-shadow: 0px 5px 30px 0px rgba(214,215,216,0.57);}.tatsu-fvsre13cxwdt8ars.tatsu-column > .tatsu-column-inner > .tatsu-column-pad-wrap > .tatsu-column-pad{padding: 60px 60px 60px 60px;}.tatsu-fvsre13cxwdt8ars.tatsu-column > .tatsu-column-inner > .tatsu-column-overlay{mix-blend-mode: none;}.tatsu-fvsre13cxwdt8ars > .tatsu-column-inner > .tatsu-top-divider{z-index: 9999;}.tatsu-fvsre13cxwdt8ars > .tatsu-column-inner > .tatsu-bottom-divider{z-index: 9999;}.tatsu-fvsre13cxwdt8ars > .tatsu-column-inner > .tatsu-left-divider{z-index: 9999;}.tatsu-fvsre13cxwdt8ars > .tatsu-column-inner > .tatsu-right-divider{z-index: 9999;}@media only screen and (max-width:1377px) {.tatsu-row > .tatsu-fvsre13cxwdt8ars.tatsu-column{width: 66.67%;}}@media only screen and (min-width:768px) and (max-width: 1024px) {.tatsu-row > .tatsu-fvsre13cxwdt8ars.tatsu-column{width: 57.2%;}.tatsu-fvsre13cxwdt8ars.tatsu-column > .tatsu-column-inner > .tatsu-column-pad-wrap > .tatsu-column-pad{padding: 40px 25px 40px 25px;}}@media only screen and (max-width: 767px) {.tatsu-row > .tatsu-fvsre13cxwdt8ars.tatsu-column{width: 100%;}.tatsu-fvsre13cxwdt8ars.tatsu-column > .tatsu-column-inner > .tatsu-column-pad-wrap > .tatsu-column-pad{padding: 60px 15px 60px 15px;}}<\/style><\/div><div  class=\"tatsu-column  tatsu-column-no-bg tatsu-one-third tatsu-column-image-none tatsu-column-effect-none  tatsu-fvsre13fabbiyepq\"  data-parallax-speed=\"0\" style=\"\"><div class=\"tatsu-column-inner \" ><div class=\"tatsu-column-pad-wrap\"><div class=\"tatsu-column-pad\" >            <div  class = \"tatsu-module tatsu-icon_card  tatsu-fvsre13fgw2hpxjy   tatsu-icon_card-type-icon tatsu-icon_card-style1 tatsu-icon_card-align-left tatsu-icon_card-vertical-align-top tatsu-icon_medium\" >\n                <style>.tatsu-fvsre13fgw2hpxjy .tatsu-icon{color: rgba(42,81,137,1) ;}.tatsu-fvsre13fgw2hpxjy.tatsu-module{margin: 0px 0px 30px 0px ;}<\/style>                                    <div class = \"tatsu-icon_card-icon \">\n                                                    <i aria-label = \"  mappin\" class = \"tatsu-icon tatsu-icon-map-pin\">\n                            <\/i>\n                                            <\/div>\n                                                    <div class = \"tatsu-icon_card-title-caption\">\n                                                    <div class = \"tatsu-icon_card-title h6\">\n\t\t\t\t\t\t\tFa\u00e7a uma visita                            <\/div>\n                                                                            <div class = \"tatsu-icon_card-caption body\">\n                                \n<p>Rua Concei\u00e7\u00e3o, 233<br \/>Sala 2008 &#8211; Shopping Jaragu\u00e1<br \/>Centro &#8211; Campinas &#8211; SP<\/p>\n                            <\/div>\n                                            <\/div>\n                            <\/div>\n                <div  class = \"tatsu-module tatsu-icon_card  tatsu-fvsre13gpedmsy72   tatsu-icon_card-type-icon tatsu-icon_card-style1 tatsu-icon_card-align-left tatsu-icon_card-vertical-align-top tatsu-icon_medium\" >\n                <style>.tatsu-fvsre13gpedmsy72 .tatsu-icon{color: rgba(42,81,137,1) ;}.tatsu-fvsre13gpedmsy72.tatsu-module{margin: 0px 0px 30px 0px ;}<\/style>                                    <div class = \"tatsu-icon_card-icon \">\n                                                    <i aria-label = \"  smartphone\" class = \"tatsu-icon tatsu-icon-smartphone\">\n                            <\/i>\n                                            <\/div>\n                                                    <div class = \"tatsu-icon_card-title-caption\">\n                                                    <div class = \"tatsu-icon_card-title h6\">\n\t\t\t\t\t\t\tLigue agora                            <\/div>\n                                                                            <div class = \"tatsu-icon_card-caption body\">\n                                \n<p><a href=\"http:\/\/+5519999393322\" data-wplink-url-error=\"true\">(19) 99939-3322<\/a><\/p>\n                            <\/div>\n                                            <\/div>\n                            <\/div>\n                <div  class = \"tatsu-module tatsu-icon_card  tatsu-fvsre13hs6fpc8pz   tatsu-icon_card-type-icon tatsu-icon_card-style1 tatsu-icon_card-align-left tatsu-icon_card-vertical-align-top tatsu-icon_medium\" >\n                <style>.tatsu-fvsre13hs6fpc8pz .tatsu-icon{color: rgba(42,81,137,1) ;}.tatsu-fvsre13hs6fpc8pz.tatsu-module{margin: 0px 0px 30px 0px ;}<\/style>                                    <div class = \"tatsu-icon_card-icon \">\n                                                    <i aria-label = \"  mail2\" class = \"tatsu-icon tatsu-icon-mail2\">\n                            <\/i>\n                                            <\/div>\n                                                    <div class = \"tatsu-icon_card-title-caption\">\n                                                    <div class = \"tatsu-icon_card-title h6\">\n\t\t\t\t\t\t\tE-mail                            <\/div>\n                                                                            <div class = \"tatsu-icon_card-caption body\">\n                                \n<p><a href=\"mailto:contato@handsrh.com.br\">contato@handsrh.com.br<\/a><\/p>\n                            <\/div>\n                                            <\/div>\n                            <\/div>\n    <\/div><\/div><div class = \"tatsu-column-bg-image-wrap\"><div class = \"tatsu-column-bg-image tatsu-bg-lazyload\" data-src = \"\"><\/div><\/div><\/div><style>.tatsu-row > .tatsu-fvsre13fabbiyepq.tatsu-column{width: 33.33%;}.tatsu-fvsre13fabbiyepq.tatsu-column > .tatsu-column-inner > .tatsu-column-pad-wrap > .tatsu-column-pad{padding: 60px 0px 0px 0px;}.tatsu-fvsre13fabbiyepq.tatsu-column > .tatsu-column-inner > .tatsu-column-overlay{mix-blend-mode: none;}.tatsu-fvsre13fabbiyepq > .tatsu-column-inner > .tatsu-top-divider{z-index: 9999;}.tatsu-fvsre13fabbiyepq > .tatsu-column-inner > .tatsu-bottom-divider{z-index: 9999;}.tatsu-fvsre13fabbiyepq > .tatsu-column-inner > .tatsu-left-divider{z-index: 9999;}.tatsu-fvsre13fabbiyepq > .tatsu-column-inner > .tatsu-right-divider{z-index: 9999;}@media only screen and (max-width:1377px) {.tatsu-row > .tatsu-fvsre13fabbiyepq.tatsu-column{width: 33.33%;}}@media only screen and (min-width:768px) and (max-width: 1024px) {.tatsu-row > .tatsu-fvsre13fabbiyepq.tatsu-column{width: 39.8%;}}@media only screen and (max-width: 767px) {.tatsu-row > .tatsu-fvsre13fabbiyepq.tatsu-column{width: 100%;}}<\/style><\/div><\/div><\/div><\/div><div class=\"tatsu-section-background-wrap\"><div class = \"tatsu-section-background tatsu-bg-lazyload\" data-src = \"\"><\/div><\/div><style>.tatsu-fvsre13awr3ycnd5.tatsu-section{background-color: rgba(255,255,255,1);}.tatsu-fvsre13awr3ycnd5 .tatsu-section-pad{padding: 90px 0px 90px 0px;}.tatsu-fvsre13awr3ycnd5 > .tatsu-bottom-divider{z-index: 9999;}.tatsu-fvsre13awr3ycnd5 > .tatsu-top-divider{z-index: 9999;}<\/style><\/div><div  class=\"tatsu-fvsrgadvhfeyujj0 tatsu-section    tatsu-clearfix\" data-title=\"\"  data-headerscheme=\"background--dark\"><div class='tatsu-section-pad clearfix' data-padding='{\"d\":\"0px 0px 0px 0px\"}' data-padding-top='0px'><div class=\"tatsu-row-wrap  tatsu-row-full-width tatsu-row-one-col tatsu-row-has-one-cols tatsu-medium-gutter tatsu-reg-cols  tatsu-clearfix tatsu-fvsrgadvnd4rmxcz\" ><div  class=\"tatsu-row \" ><div  class=\"tatsu-column  tatsu-column-no-bg tatsu-one-col tatsu-column-image-none tatsu-column-effect-none  tatsu-fvsrgadvut310dtj\"  data-parallax-speed=\"0\" style=\"\"><div class=\"tatsu-column-inner \" ><div class=\"tatsu-column-pad-wrap\"><div class=\"tatsu-column-pad\" ><div  class=\"tatsu-module tatsu-gmap-wrapper be-gdpr-consent-replace tatsu-fvsrgadvzx26icuc   \" data-gdpr-concern=\"gmaps\" ><div class=\"tatsu-gmap map_960\" data-address=\"Rua Concei\u00e7\u00e3o, 233, Sala 2008 - Shopping Jaragu\u00e1, Centro - Campinas - SP\"  data-zoom=\"15\" data-latitude=\"-22.904049\" data-longitude=\"-47.057470\" data-marker=\"https:\/\/brandexponents.com\/exponent-lite\/finance\/wp-content\/uploads\/sites\/19\/2018\/09\/map-pin.svg\" data-style=\"wy\"><\/div><style>.tatsu-fvsrgadvzx26icuc{height: 500px;}<\/style><\/div><div class=\"tatsu-module tatsu-gmap-wrapper be-gdpr-consent-message  tatsu-fvsrgadvzx26icuc  \"  style=\"background-position:center;background-size:cover;background-image:url(data:image\/png;base64,VGhlIEdvb2dsZSBNYXBzIFBsYXRmb3JtIHNlcnZlciByZWplY3RlZCB5b3VyIHJlcXVlc3QuIFlvdSBtdXN0IHVzZSBhbiBBUEkga2V5IHRvIGF1dGhlbnRpY2F0ZSBlYWNoIHJlcXVlc3QgdG8gR29vZ2xlIE1hcHMgUGxhdGZvcm0gQVBJcy4gRm9yIGFkZGl0aW9uYWwgaW5mb3JtYXRpb24sIHBsZWFzZSByZWZlciB0byBodHRwOi8vZy5jby9kZXYvbWFwcy1uby1hY2NvdW50);\" >  \n\t\t\t<style>.tatsu-fvsrgadvzx26icuc{height: 500px;}<\/style>\n\t\t\t<div class=\"static-map-overlay\">\n\t\t\t<div class=\"static-map-content\">Your consent is required to display this content from google maps - <a href=\"#gdpr-popup\" class=\"mobx privacy-settings\" data-type=\"HTML\" >Privacy Settings<\/a> <\/div>\n\t\t\t<\/div>\n\t\t\t<\/div><\/div><\/div><div class = \"tatsu-column-bg-image-wrap\"><div class = \"tatsu-column-bg-image tatsu-bg-lazyload\" data-src = \"\"><\/div><\/div><\/div><style>.tatsu-row > .tatsu-fvsrgadvut310dtj.tatsu-column{width: 100%;}.tatsu-fvsrgadvut310dtj.tatsu-column > .tatsu-column-inner > .tatsu-column-overlay{mix-blend-mode: none;}.tatsu-fvsrgadvut310dtj > .tatsu-column-inner > .tatsu-top-divider{z-index: 9999;}.tatsu-fvsrgadvut310dtj > .tatsu-column-inner > .tatsu-bottom-divider{z-index: 9999;}.tatsu-fvsrgadvut310dtj > .tatsu-column-inner > .tatsu-left-divider{z-index: 9999;}.tatsu-fvsrgadvut310dtj > .tatsu-column-inner > .tatsu-right-divider{z-index: 9999;}@media only screen and (max-width:1377px) {.tatsu-row > .tatsu-fvsrgadvut310dtj.tatsu-column{width: 100%;}}@media only screen and (min-width:768px) and (max-width: 1024px) {.tatsu-row > .tatsu-fvsrgadvut310dtj.tatsu-column{width: 100%;}}@media only screen and (max-width: 767px) {.tatsu-row > .tatsu-fvsrgadvut310dtj.tatsu-column{width: 100%;}}<\/style><\/div><\/div><\/div><\/div><div class=\"tatsu-section-background-wrap\"><div class = \"tatsu-section-background tatsu-bg-lazyload\" data-src = \"\"><\/div><\/div><style>.tatsu-fvsrgadvhfeyujj0 > .tatsu-bottom-divider{z-index: 9999;}.tatsu-fvsrgadvhfeyujj0 > .tatsu-top-divider{z-index: 9999;}<\/style><\/div>\n","protected":false},"excerpt":{"rendered":"<div><a href=\"https:\/\/handsrh.com.br\/site\/contato\/\" class=\"exp-read-more exp-read-more-underlined\">Read More<\/a><\/div>\n","protected":false},"author":1,"featured_media":0,"parent":0,"menu_order":0,"comment_status":"closed","ping_status":"closed","template":"","meta":[],"_links":{"self":[{"href":"https:\/\/handsrh.com.br\/site\/wp-json\/wp\/v2\/pages\/4587"}],"collection":[{"href":"https:\/\/handsrh.com.br\/site\/wp-json\/wp\/v2\/pages"}],"about":[{"href":"https:\/\/handsrh.com.br\/site\/wp-json\/wp\/v2\/types\/page"}],"author":[{"embeddable":true,"href":"https:\/\/handsrh.com.br\/site\/wp-json\/wp\/v2\/users\/1"}],"replies":[{"embeddable":true,"href":"https:\/\/handsrh.com.br\/site\/wp-json\/wp\/v2\/comments?post=4587"}],"version-history":[{"count":7,"href":"https:\/\/handsrh.com.br\/site\/wp-json\/wp\/v2\/pages\/4587\/revisions"}],"predecessor-version":[{"id":5111,"href":"https:\/\/handsrh.com.br\/site\/wp-json\/wp\/v2\/pages\/4587\/revisions\/5111"}],"wp:attachment":[{"href":"https:\/\/handsrh.com.br\/site\/wp-json\/wp\/v2\/media?parent=4587"}],"curies":[{"name":"wp","href":"https:\/\/api.w.org\/{rel}","templated":true}]}}